{"id":1333,"date":"2019-03-17T19:23:52","date_gmt":"2019-03-17T22:23:52","guid":{"rendered":"https:\/\/isfd82-bue.infd.edu.ar\/sitio\/?page_id=1333"},"modified":"2019-05-21T13:31:26","modified_gmt":"2019-05-21T16:31:26","slug":"secretaria","status":"publish","type":"page","link":"https:\/\/isfd82-bue.infd.edu.ar\/sitio\/secretaria\/","title":{"rendered":"Secretar\u00eda"},"content":{"rendered":"<p>La Secretar\u00eda se divide en dos partes:<\/p>\n<ol>\n<li>Docentes: Se las ALTAS\/BAJAS &#8211; DECLARACIONES JURADAS &#8211; REUBICACIONES &#8211; CONTRALOR<\/li>\n<li>Alumnos:\u00a0 Se encargan de la confecci\u00f3n y entrega de T\u00cdTULOS, PASES y EQUIVALENCIAS<\/li>\n<\/ol>\n<p>D\u00edas de atenci\u00f3n: MARTES Y JUEVES<\/p>\n","protected":false},"excerpt":{"rendered":"<p>La Secretar\u00eda se divide en dos partes: Docentes: Se las ALTAS\/BAJAS &#8211; DECLARACIONES JURADAS &#8211; REUBICACIONES &#8211; CONTRALOR Alumnos:\u00a0 Se encargan de la confecci\u00f3n y entrega de T\u00cdTULOS, PASES y EQUIVALENCIAS D\u00edas de atenci\u00f3n: MARTES Y JUEVES<\/p>\n","protected":false},"author":7,"featured_media":0,"parent":0,"menu_order":0,"comment_status":"closed","ping_status":"closed","template":"","meta":[],"acf":[],"_links":{"self":[{"href":"https:\/\/isfd82-bue.infd.edu.ar\/sitio\/wp-json\/wp\/v2\/pages\/1333"}],"collection":[{"href":"https:\/\/isfd82-bue.infd.edu.ar\/sitio\/wp-json\/wp\/v2\/pages"}],"about":[{"href":"https:\/\/isfd82-bue.infd.edu.ar\/sitio\/wp-json\/wp\/v2\/types\/page"}],"author":[{"embeddable":true,"href":"https:\/\/isfd82-bue.infd.edu.ar\/sitio\/wp-json\/wp\/v2\/users\/7"}],"replies":[{"embeddable":true,"href":"https:\/\/isfd82-bue.infd.edu.ar\/sitio\/wp-json\/wp\/v2\/comments?post=1333"}],"version-history":[{"count":6,"href":"https:\/\/isfd82-bue.infd.edu.ar\/sitio\/wp-json\/wp\/v2\/pages\/1333\/revisions"}],"predecessor-version":[{"id":1479,"href":"https:\/\/isfd82-bue.infd.edu.ar\/sitio\/wp-json\/wp\/v2\/pages\/1333\/revisions\/1479"}],"wp:attachment":[{"href":"https:\/\/isfd82-bue.infd.edu.ar\/sitio\/wp-json\/wp\/v2\/media?parent=1333"}],"curies":[{"name":"wp","href":"https:\/\/api.w.org\/{rel}","templated":true}]}}