{"id":2493,"date":"2022-07-13T18:17:58","date_gmt":"2022-07-13T21:17:58","guid":{"rendered":"https:\/\/isfd82-bue.infd.edu.ar\/sitio\/?page_id=2493"},"modified":"2026-04-06T22:38:12","modified_gmt":"2026-04-07T01:38:12","slug":"estudiantes","status":"publish","type":"page","link":"https:\/\/isfd82-bue.infd.edu.ar\/sitio\/estudiantes\/","title":{"rendered":"Estudiantes"},"content":{"rendered":"\n<!DOCTYPE html>\n<html lang=\"en\">\n<head>\n    <meta charset=\"UTF-8\">\n    <meta name=\"viewport\" content=\"width=device-width, initial-scale=1.0\">\n    <title>Document<\/title>\n<\/head>\n<body>\n    <main>\n        <div id=\"loader\">\n            <h2>Cargando, Por favor Espere&#8230;<\/h2>\n            <div class=\"spinner\"><\/div>\n          <\/div>\n        \n          <!-- Contenido principal oculto inicialmente -->\n          <div id=\"content\" style=\"display: none;\">\n            <h1>Bienvenido a mi sitio<\/h1>\n            <p>Este es el contenido principal de la p\u00e1gina.<\/p>\n          <\/div>\n          <style>\n#loader {\n  position: fixed;\n  top: 0;\n  left: 0;\n  width: 100%;\n  height: 100%;\n  background-color: #158880;\n  color: white;\n  display: flex;\n  flex-direction: column;\n  justify-content: center;\n  align-items: center;\n  z-index: 9999;\n}\n\n.spinner {\n  margin-top: 20px;\n  width: 50px;\n  height: 50px;\n  border: 5px solid white;\n  border-top: 5px solid transparent;\n  border-radius: 50%;\n  animation: spin 1s linear infinite;\n}\n\n@keyframes spin {\n  to {\n    transform: rotate(360deg);\n  }\n}\n<\/style>\n<script>\n    window.addEventListener(\"load\", () => {\n  setTimeout(() => {\n    document.getElementById(\"loader\").style.display = \"none\";\n    document.getElementById(\"content\").style.display = \"block\";\n  }, 50);\n});\n<\/script>\n    <\/main>\n<\/body>\n<\/html>\n\n\n\n<!DOCTYPE html>\n<html lang=\"en\">\n<head>\n     <meta charset=\"UTF-8\">\n    <meta name=\"viewport\" content=\"width=device-width, initial-scale=1.0\">\n    <link rel=\"stylesheet\" href=\"https:\/\/cdn.jsdelivr.net\/npm\/bootstrap-icons@1.11.3\/font\/bootstrap-icons.min.css\">\n    <link rel=\"preconnect\" href=\"https:\/\/fonts.googleapis.com\">\n    <link rel=\"preconnect\" href=\"https:\/\/fonts.gstatic.com\" crossorigin>\n    <link href=\"https:\/\/fonts.googleapis.com\/css2?family=Jura:wght@300..700&#038;family=Roboto:ital,wght@0,100;0,300;0,400;0,500;0,700;0,900;1,100;1,300;1,400;1,500;1,700;1,900&#038;display=swap\" rel=\"stylesheet\">\n    <link rel=\"preconnect\" href=\"https:\/\/fonts.googleapis.com\">\n    <link rel=\"preconnect\" href=\"https:\/\/fonts.gstatic.com\" crossorigin>\n    <link href=\"https:\/\/fonts.googleapis.com\/css2?family=Jura:wght@300..700&#038;family=Protest+Riot&#038;family=Roboto:ital,wght@0,100;0,300;0,400;0,500;0,700;0,900;1,100;1,300;1,400;1,500;1,700;1,900&#038;display=swap\" rel=\"stylesheet\">\n    <link rel=\"stylesheet\" href=\"https:\/\/fonts.googleapis.com\/css2?family=Material+Symbols+Outlined:opsz,wght,FILL,GRAD@20..48,100..700,0..1,-50..200&#038;icon_names=menu\" \/>\n    <script src=\"https:\/\/code.jquery.com\/jquery-3.6.0.min.js\"><\/script>\n    <link rel=\"stylesheet\" href=\"https:\/\/cdn.jsdelivr.net\/npm\/slick-carousel@1.8.1\/slick\/slick.css\"\/>\n    <link rel=\"stylesheet\" href=\"https:\/\/cdn.jsdelivr.net\/npm\/slick-carousel@1.8.1\/slick\/slick-theme.css\"\/>\n    <link rel=\"stylesheet\" href=\"nuevo.css\">\n    <script src=\"https:\/\/cdn.jsdelivr.net\/npm\/slick-carousel@1.8.1\/slick\/slick.min.js\"><\/script>\n    <meta name=\"author\" content=\"Mon@rca de l@s Sombr@s\" \/>\n<style>\n\nhtml, body {\n    overflow-x: hidden;\n    max-width: 100%;\n    padding:0;\n    margin:0;\n}\n\n #site-navigation{\n    border: 1px solid black;\n    border-left:0px;\n    border-right:0px;\n    width:100%;\n   }\n\n.search-item{\n   display:none;\n}\n\n   .sub-menu{\n    border: 1px solid black;\n   }\n\n   #menu-item-2495{\n     border:2px solid black;\n     transform: scale(1.1);\n   }\n\n   .menu-item:hover{\n     border:2px solid black;\n     transform: scale(1.1);\n     z-index: 1000 !important;\n   }\n\n  .fixed {\n    position: fixed !important;\n    top: 0 !important;\n    width: 100% !important;\n    opacity: 0.9 !important;\n    z-index: 1000 !important;\n    border: 2px solid black;\n }\n\n\/* CARDS y CARTELERA *\/\n\n .contenedor_cards{\n    width: 100%;\n    display: grid;\n    grid-template-columns: 1fr 1fr;\n    align-items: center;\n    margin-bottom: 1rem;\n    margin-top: 2.5rem;\n    justify-content: space-around;\n }\n\n .cards{\n  width: 100%;\n  display: flex;\n  flex-direction: row;\n  flex-wrap: wrap;\n  justify-content:space-around;\n  margin-top: 1rem;\n  gap: 1.3rem;\n }\n\n .card{\n  border: 1px solid #2a706c;\n  min-height: 100px;\n  max-height: 100px;\n  min-width: 500px;\n  max-width: 500px;\n  width: 100%;\n  display: grid;\n  grid-template-columns: 1fr 2fr;\n  flex-wrap: wrap;\n  overflow: hidden;\n  box-shadow: 5px 5px 10px rgba(0, 0, 0, 0.6);\n  cursor: pointer;\n }\n\n .card:hover{\n    transform: translateY(-10px);\n    box-shadow: 0 8px 20px rgba(0,0,0,0.7);\n    transform: scale(1.1);\n    transition: box-shadow 0.3s ease-in-out;\n    color: white;\n }\n\n .card:hover .cardf_titulo{\n  background:linear-gradient(to bottom,#1d504c,#5fcfc6);\n }\n\n.card_titulo{\n  font-size: 1.4rem;\n  font-family:'Trebuchet MS';\n  text-align: center;\n  transform: translateY(33px);\n}\n.cardf_titulo{\n  background:linear-gradient(to bottom,#4bcec5,#baeeea);\n  border-right: 1px solid #2a706c;\n}\n\n .img_const img{\n  height: 120px;\n  width: auto;\n  transform: translateY(-10px) translateX(24px);\n }\n\n  .img_tutorial img{\n  height: 95px;\n  width: auto;\n  transform: translateY(1px) translateX(35px);\n }\n\n .cartelera{\n  border: 1px solid black;\n  min-height:220px ;\n  min-width:42rem;\n  max-width:42rem;\n  margin-top: 1.1rem;\n  position: relative;\n  background-color: #ffffff;\n  box-shadow: 5px 5px 10px rgba(0, 0, 0, 0.6);\n }\n\n.cartelera::before {\n    content: \"\";\n    position: absolute;\n    inset: 0;\n    background-size: 10px 10px;\n    background-image: repeating-linear-gradient(\n        0deg,\n        rgba(75, 206, 197, 0.2),\n        rgba(75, 206, 197, 0.2) 0.5px,\n        rgba(255, 255, 255, 0.3) 0.5px,\n        rgba(255, 255, 255, 0.3)\n    );\n    z-index: 0;\n}\n\n.cartelera > * {\n    position: relative;\n    z-index: 1;\n}\n\n .cartelera p{\n  text-align: center;\n  margin-top: 1rem;\n  font-size: 1.1rem;\n  font-family:'Trebuchet MS';\n }\n\n .titulo_cart{\n  text-align: center;\n  background:linear-gradient(to bottom,#4bcec5,#baeeea);\n  padding-bottom: 0.4rem;\n  padding-top: 0.4rem;\n  border-bottom: 1px solid black;\n  font-size: 1.3rem;\n  font-family:'Trebuchet MS';\n }\n\n\/* INFORMACI\u00d3N DESPLEGABLE *\/\n\n.cont_info{\n  width:100%;\n  display:flex;\n  flex-direction:column;\n  margin-top:7rem;\n  padding-top:1.5rem;\n  padding-bottom:4rem;\n  background-color:#64e2d8;\n  border-top:3px solid #568b88;\n}\n\n.titulo{\n   padding:12px 15px;\n   font-family:'Trebuchet MS';\n   cursor:pointer;\n   font-size:2rem;\n   background:white;\n   display:flex;\n   justify-content:space-between;\n   align-items:center;\n}\n\n.titulo:hover{color:#14847c;}\n\n.icono{font-size:1.6rem;}\n\n.cuerpo{\n    font-family:'Trebuchet MS';\n    font-size:1.1rem;\n    height:0;\n    overflow:hidden;\n    opacity:0;\n    transition:all 0.4s ease;\n    padding:0 15px;\n}\n\n.cuerpo.activo{opacity:1;}\n\n.cuerpo p{\n     line-height:1.6;\n     margin-bottom:3rem;\n     transform:translateY(1rem);\n}\n\n.info{\n   margin-top:1.2rem;\n   border-radius:10px;\n   border:3px solid white;\n   background:linear-gradient(to bottom,#ffffff,#fcfcfc);\n   width:95%;\n   transform:translateX(2rem);\n}\n\n@media (max-width: 768px){\n*{\n    box-sizing: border-box;\n}\n\nbody{\n    overflow-x: hidden;\n}\n\n\/* contenedor *\/\n.contenedor_cards{\n    grid-template-columns: 1fr;\n    justify-items: center;\n    width: 100%;\n}\n\n\/* cards *\/\n.cards{\n    margin-top:3rem;\n    flex-direction: column;\n    align-items: center;\n    width: 100%;\n}\n\n\/* card *\/\n.card{\n    width: 95%;\n    min-width: 0;\n    max-width: 95%;\n}\n\n\/* cartelera *\/\n.cartelera{\n    width: 95%;\n    min-width: 0;\n    max-width: 95%;\n    min-height:26rem;\n    max-height:26rem;\n    margin: 1rem auto;\n    margin-top:4.5rem;\n    margin-bottom:1rem;\n}\n\n.card_titulo{\n  font-size: 1.6rem;\n}\n\n.titulo_cart{\n  font-size: 1.6rem;\n}\n\n\/* info *\/\n.info{\n    width: 95%;\n    transform: none;\n    margin: auto;\n    margin-bottom:1rem;\n}\n\n\/* im\u00e1genes *\/\n.img_const img,\n.img_tutorial img{\n    max-width: 100%;\n    transform: translateY(1px) translateX(15px);\n}\n\n.img_const img{\n  height: 100px;\n  width: auto;\n}\n\n\/* titulo card *\/\n.card_titulo{\n    padding: 10px;\n    transform: translateY(9px);\n}\n\n}\n<\/style>\n<\/head>\n\n<body>\n\n<div class=\"contenedor_cards\">\n  <section class=\"cards\">\n   <article class=\"card\" onclick=\"window.open('https:\/\/isfd82-bue.infd.edu.ar\/sitio\/espacio-de-acompanamiento-aulas-virtuales-para-estudiantes\/', '_blank');\">\n    <picture class=\"img_tutorial\">\n      <img decoding=\"async\" src=\"https:\/\/lh3.googleusercontent.com\/d\/1KRA6iaXHJ2Dlbeb6lX7fU9nszYnKzo-M\">\n    <\/picture>\n    <div class=\"cardf_titulo\">\n      <h3 class=\"card_titulo\">TUTORIAL DEL CAMPUS INFoD<\/h3>\n    <\/div>\n   <\/article>\n\n   <article class=\"card\" onclick=\"window.open('https:\/\/sites.google.com\/view\/isfd82-formularios-estudiantes\/p%C3%A1gina-principal', '_blank');\">\n    <picture class=\"img_const\">\n      <img decoding=\"async\" src=\"https:\/\/lh3.googleusercontent.com\/d\/1lnj2n4zf9pybk6xaCakRtzKBcAVQlTaC\">\n    <\/picture>\n    <div class=\"cardf_titulo\">\n      <h3 class=\"card_titulo\">FORMULARIOS \/ CONSTANCIAS<\/h3>\n    <\/div>\n   <\/article>\n\n  <\/section>\n\n  <aside class=\"cartelera\">\n    <h3 class=\"titulo_cart\">CARTELERA DE ESTUDIANTES<\/h3>\n    <p>PROXIMAMENTE<\/p>\n  <\/aside>\n<\/div>\n\n<section class=\"cont_info\">\n\n<article class=\"info\">\n<h2 class=\"titulo\" id=\"b-pases\" data-target=\"c-pases\">\n<span>PASES<\/span>\n<i class=\"bi bi-plus icono\"><\/i>\n<\/h2>\n<div class=\"cuerpo\" id=\"c-pases\">\n<p>Ingresar\u00e1n por pase las y los estudiantes que se encuentren cursando una carrera con\nplan de estudios vigente en la Provincia de Buenos Aires y con el mismo n\u00famero de\nresoluci\u00f3n que se dicta en el Instituto receptor.<br>\nEn caso de adeudar la acreditaci\u00f3n final de una o m\u00e1s unidades curriculares,\nmantendr\u00e1n la validez de la cursada, pero deber\u00e1n adecuarse a las condiciones fijadas en el Plan\nInstitucional de Evaluaci\u00f3n de la instituci\u00f3n receptora.<br>\nPara estudiantes que provienen de carreras con la misma denominaci\u00f3n pero de otra\njurisdicci\u00f3n nacional, el equipo directivo y docente realizar\u00e1, a partir de la\ndocumentaci\u00f3n respaldatoria, un plan de equivalencias que ponga en valor la\ntrayectoria realizada por la o el estudiante.<br>\nEl pase puede ser solicitado por la o el estudiante en cualquier momento del ciclo\nlectivo. Las dos instituciones que intervienen en el proceso deber\u00e1n dar curso al pedido\ndentro de los 10 (diez) d\u00edas h\u00e1biles posteriores al ingreso del tr\u00e1mite.<br><br>\n<strong>SOLICITUD DE PASE<\/strong><br><br>\nLa solicitud de pase a otra Instituci\u00f3n de la jurisdicci\u00f3n debe tramitarse por nota a la\nDirecci\u00f3n del instituto al que se desea ingresar.<br><br>\nEl o la estudiante deber\u00e1 presentar:<br>\n\u27a3 Constancia que acredite su condici\u00f3n de estudiante de la carrera e instituto del\nque proviene.<br>\n\u27a3 Constancia de la acreditaci\u00f3n total de las unidades curriculares con detalle de\nfecha de acreditaci\u00f3n, libro y folio de registro, Carrera y Resoluci\u00f3n de la\nProvincia de Buenos Aires.<br>\n\u27a3 Fecha de aprobaci\u00f3n de unidades curriculares cursadas de las cuales adeuda\nacreditaci\u00f3n.<br>\n\u27a3 Situaci\u00f3n acad\u00e9mica de las unidades curriculares en curso con asistencia e\ninforme acad\u00e9mico al momento del pedido de Pase.<br>\n\u27a3 Original del legajo (queda copia en el instituto de origen)<\/p>\n<\/div>\n<\/article>\n\n<article class=\"info\">\n<h2 class=\"titulo\" id=\"b-equiv\" data-target=\"c-equiv\">\n<span>EQUIVALENCIAS<\/span>\n<i class=\"bi bi-plus icono\"><\/i>\n<\/h2>\n<div class=\"cuerpo\" id=\"c-equiv\">\n<p>Se otorgar\u00e1 equivalencia autom\u00e1tica cuando se trate de unidades curriculares con la\nmisma denominaci\u00f3n y contenidos en los planes de estudio de las carreras vigentes en\nla jurisdicci\u00f3n.<br>\nPautas para solicitud y acreditaci\u00f3n de unidades curriculares por equivalencia\nautom\u00e1tica:<br><br>\n\n\u27a3 Solicitar la certificaci\u00f3n de los programas de las materias que desea utilizar para solicitar la equivalencia, en los que conste la carga horaria, los contenidos y la bibliograf\u00eda, antes del 30 de abril de cada a\u00f1o. Para el reconocimiento de equivalencias, las unidades curriculares acreditadas deben ser de una instituci\u00f3n de nivel superior.<br>\n\n\u27a3 La documentaci\u00f3n deber\u00e1 estar foliada, con firma y sello de las\nautoridades de la instituci\u00f3n emisora.<br>\n\n\u27a3 Acompa\u00f1ar la solicitud con el certificado anal\u00edtico de estudios realizados, firmado y sellado por la instituci\u00f3n emisora.<br>\n\n\u27a3 Cursar la unidad curricular cuya acreditaci\u00f3n se solicita por equivalencia,\nhasta tanto se le confirme fehacientemente que se le otorg\u00f3 lo solicitado.<br>\n\n\u27a3 Acompa\u00f1ar la solicitud con el certificado anal\u00edtico de estudios realizados y\nlos programas que correspondan, , de las unidades curriculares en las que solicita\nequivalencia.<br>\n\n\u27a3 Cumplir con los requerimientos acad\u00e9micos que se establezcan en el caso\nde una equivalencia parcial.<\/p>\n<\/div>\n<\/article>\n\n<article class=\"info\">\n<h2 class=\"titulo\" id=\"b-iti\" data-target=\"c-iti\">\n<span>ITINERANCIAS<\/span>\n<i class=\"bi bi-plus icono\"><\/i>\n<\/h2>\n<div class=\"cuerpo\" id=\"c-iti\">\n<p>La o el estudiante itinerante es quien cursa como estudiante regular en un IS dependiente\nde la DGCyE y, al mismo tiempo, cursa una o m\u00e1s unidades curriculares en otro IS de la\njurisdicci\u00f3n en la que no se encuentra matriculada o matriculado para acreditar una o m\u00e1s\nunidades curriculares en un Profesorado o Tecnicatura.<br><br>\n\n\u27a3 Una o un estudiante podr\u00e1 optar por cursar como itinerante, hasta el 30% de las unidades\ncurriculares (UC) de la carrera. Queda exceptuado el Campo de la Pr\u00e1ctica Docente y Pr\u00e1cticas\nProfesionalizantes. Cuando los dise\u00f1os curriculares prescriban la cursada en simult\u00e1neo de\ndos o m\u00e1s unidades curriculares, \u00e9stas deber\u00e1n cursarse en el mismo IS.<br>\n\n\u27a3 La solicitud se realizar\u00e1 en el periodo de inscripci\u00f3n a la\/s unidad\/es curricular\/es teniendo en\ncuenta las fechas dispuestas por el IS en el que aspira cursar.<br>\n\n\u27a3 Ser\u00e1 condici\u00f3n que la UC en la que solicita cursar corresponda al mismo plan de estudio o bien\nsea una UC con igual denominaci\u00f3n, carga horaria y contenidos m\u00ednimos prescriptos que en el\ndise\u00f1o de la carrera en la que se encuentra matriculada o matriculado la o el estudiante.<br>\n\n\u27a3 La cursada de unidades curriculares realizadas como estudiante itinerante, tendr\u00e1 una validez\nde ocho turnos consecutivos a partir de la finalizaci\u00f3n de la cursada.<br>\n\n\u27a3 La acreditaci\u00f3n de la UC se deber\u00e1 realizar en el IS donde cursa como itinerante.<br>\n\n\u27a3 La opci\u00f3n de estudiante itinerante podr\u00e1 realizarse en cualquier IS que forme parte del \u00e1mbito de aplicaci\u00f3n de la presente resoluci\u00f3n.<br><br>\n\nSon responsabilidades de la o el estudiante:<br><br>\n\u27a3 Presentar ante la direcci\u00f3n del IS donde aspira a cursar el Formulario A: \u201cSolicitud para cursar unidades curriculares como estudiante itinerante\u201d junto con el certificado anal\u00edtico parcial actualizado al momento de la solicitud.<br>\n\n\u27a3\u27a3 Notificar a la Direcci\u00f3n del IS donde se hallare matriculada\/o la aceptaci\u00f3n como estudiante itinerante en otro IS a trav\u00e9s de la entrega del Formulario B: \u201cNotificaci\u00f3n IS en el que la\/el estudiante se encuentra matriculada\/o\u201d.<br>\n\n\u27a3 Cumplir con las condiciones institucionales y de la propuesta pedag\u00f3gica para la acreditaci\u00f3n de la unidad curricular del IS en el que realiza la solicitud.<br>\n\n\u27a3 Solicitar ante el IS donde cursa como estudiante itinerante el Formulario D: \u201cConstancia de acreditaci\u00f3n de unidad curricular como estudiante itinerante\u201d.<br>\n\n\u27a3 Presentar ante el IS en el que se encuentra matriculada\/o el Formulario D: \u201cConstancia de acreditaci\u00f3n de unidad curricular como estudiante itinerante\u201d.<\/p>\n<\/div>\n<\/article>\n\n<article class=\"info\">\n<h2 class=\"titulo\" id=\"b-ultima\" data-target=\"c-ultima\">\n<span>\u00daLTIMA MATERIA<\/span>\n<i class=\"bi bi-plus icono\"><\/i>\n<\/h2>\n<div class=\"cuerpo\" id=\"c-ultima\">\n<p>Los turnos extraordinarios de acreditaci\u00f3n con instancia de evaluaci\u00f3n final\nen el mes de mayo o septiembre, sin suspensi\u00f3n de actividades acad\u00e9micas, solo para aquellas\/os estudiantes que adeuden la \u00faltima unidad curricular del Profesorado o Tecnicatura y realicen la solicitud a trav\u00e9s de los mecanismos\ndefinidos institucionalmente.<br>\n\nSe garantizar\u00e1 a las y los estudiantes:.<br><br>\n\n\u27a3 La comunicaci\u00f3n de las fechas de cada instancia de evaluaci\u00f3n final al momento de la inscripci\u00f3n a las mismas y con un m\u00ednimo de diez d\u00edas h\u00e1biles antes del inicio del per\u00edodo de inscripci\u00f3n referido.<br>\n\n\u27a3 Distribuci\u00f3n de las fechas de las instancias correspondientes al mismo a\u00f1o seg\u00fan dise\u00f1o curricular de modo que no haya superposiciones en el mismo d\u00eda y horario.<br>\n\n\u27a3 La comisi\u00f3n evaluadora deber\u00e1 garantizar una devoluci\u00f3n formativa (oral o escrita) con el prop\u00f3sito de contribuir al fortalecimiento de los aprendizajes promovidos en las diferentes unidades curriculares.<\/p>\n<\/div>\n<\/article>\n\n<article class=\"info\">\n<h2 class=\"titulo\" id=\"b-titulo\" data-target=\"c-titulo\">\n<span>T\u00cdTULO<\/span>\n<i class=\"bi bi-plus icono\"><\/i>\n<\/h2>\n<div class=\"cuerpo\" id=\"c-titulo\">\n<p>Para poder iniciar la tramitaci\u00f3n del t\u00edtulo, es necesario presentarse en su respectiva preceptor\u00eda con la siguiente documentaci\u00f3n:<br><br>\n  \u27a3 FOTOCOPIA DEL T\u00cdTULO SECUNDARIO (Legalizado)<br>\n  \u27a3 FOTOCOPIA DE LA PARTIDA DE NACIMIENTO<br>\n  \u27a3 FOTOCOPIA DEL D.N.I. (Anverso y Reverso)<br>\n  \u27a3 FICHA DE SOLICITUD DE TRAMITACI\u00d3N DE T\u00cdTULO<br>\n  \u27a3 SI REQUIERE PRESENTAR UNA CONSTANCIA CON CARACTER INMEDIATO, ANEXAR UNA CONSTANCIA DE TITULO EN TRAMITE.<br>\n  \u27a3 TODA LA DOCUMENTACI\u00d3N DEBE SER PRESENTADA EN UN FOLIO.<br><br>\n  IMPORTANTE: Solo una vez que la o el preceptor haya recibido toda la documentaci\u00f3n y se haya verificado, se iniciara formalmente la tramitaci\u00f3n del titulo.<\/p>\n<\/div>\n<\/article>\n\n<\/section>\n\n<script>\n\nconst titulos = document.querySelectorAll(\".titulo\");\n\ntitulos.forEach(titulo=>{\n titulo.addEventListener(\"click\",function(){\n\n  const cuerpo=document.getElementById(this.dataset.target);\n  const icono=this.querySelector(\".icono\");\n  const abierto=cuerpo.classList.contains(\"activo\");\n\n  document.querySelectorAll(\".cuerpo\").forEach(c=>{\n    c.style.height=0;\n    c.classList.remove(\"activo\");\n  });\n\n  document.querySelectorAll(\".icono\").forEach(i=>{\n    i.classList.remove(\"bi-dash\");\n    i.classList.add(\"bi-plus\");\n  });\n\n  if(!abierto){\n    cuerpo.classList.add(\"activo\");\n    cuerpo.style.height=cuerpo.scrollHeight+\"px\";\n    icono.classList.remove(\"bi-plus\");\n    icono.classList.add(\"bi-dash\");\n  }\n\n });\n});\n\n  const menu = document.getElementById(\"site-navigation\");\n  const menuTop = menu.offsetTop;\n\n  window.addEventListener(\"scroll\", () => {\n    if (window.scrollY >= menuTop) {\n      menu.classList.add(\"fixed\");\n    } else {\n      menu.classList.remove(\"fixed\");\n    }\n  });\n<\/script>\n\n<\/body>\n<\/html>\n","protected":false},"excerpt":{"rendered":"<p>Document Cargando, Por favor Espere&#8230; Bienvenido a mi sitio Este es el contenido principal de la p\u00e1gina. TUTORIAL DEL CAMPUS INFoD FORMULARIOS \/ CONSTANCIAS CARTELERA DE ESTUDIANTES PROXIMAMENTE PASES Ingresar\u00e1n por pase las y los estudiantes que se encuentren cursando una carrera con plan de estudios vigente en la Provincia de Buenos Aires y con &#8230; <a title=\"Estudiantes\" class=\"read-more\" href=\"https:\/\/isfd82-bue.infd.edu.ar\/sitio\/estudiantes\/\" aria-label=\"More on Estudiantes\">[+]<\/a><\/p>\n","protected":false},"author":1500,"featured_media":0,"parent":0,"menu_order":0,"comment_status":"closed","ping_status":"closed","template":"","meta":[],"acf":[],"_links":{"self":[{"href":"https:\/\/isfd82-bue.infd.edu.ar\/sitio\/wp-json\/wp\/v2\/pages\/2493"}],"collection":[{"href":"https:\/\/isfd82-bue.infd.edu.ar\/sitio\/wp-json\/wp\/v2\/pages"}],"about":[{"href":"https:\/\/isfd82-bue.infd.edu.ar\/sitio\/wp-json\/wp\/v2\/types\/page"}],"author":[{"embeddable":true,"href":"https:\/\/isfd82-bue.infd.edu.ar\/sitio\/wp-json\/wp\/v2\/users\/1500"}],"replies":[{"embeddable":true,"href":"https:\/\/isfd82-bue.infd.edu.ar\/sitio\/wp-json\/wp\/v2\/comments?post=2493"}],"version-history":[{"count":7,"href":"https:\/\/isfd82-bue.infd.edu.ar\/sitio\/wp-json\/wp\/v2\/pages\/2493\/revisions"}],"predecessor-version":[{"id":4386,"href":"https:\/\/isfd82-bue.infd.edu.ar\/sitio\/wp-json\/wp\/v2\/pages\/2493\/revisions\/4386"}],"wp:attachment":[{"href":"https:\/\/isfd82-bue.infd.edu.ar\/sitio\/wp-json\/wp\/v2\/media?parent=2493"}],"curies":[{"name":"wp","href":"https:\/\/api.w.org\/{rel}","templated":true}]}}