{"id":3009,"date":"2024-11-04T21:00:33","date_gmt":"2024-11-05T00:00:33","guid":{"rendered":"https:\/\/isfd82-bue.infd.edu.ar\/sitio\/?page_id=3009"},"modified":"2024-11-04T21:00:40","modified_gmt":"2024-11-05T00:00:40","slug":"e-a-i-educacion-ambiental-integral","status":"publish","type":"page","link":"https:\/\/isfd82-bue.infd.edu.ar\/sitio\/e-a-i-educacion-ambiental-integral\/","title":{"rendered":"E.A.I. (Educaci\u00f3n Ambiental Integral)"},"content":{"rendered":"\n<br>\n<br>\n<br>\n<br>\n\n\n\n<div class=\"wp-block-media-text alignfull is-stacked-on-mobile is-vertically-aligned-center has-background\" style=\"background:linear-gradient(17deg,rgb(202,248,128) 52%,rgb(113,206,126) 100%);grid-template-columns:15% auto\"><figure class=\"wp-block-media-text__media\"><img decoding=\"async\" loading=\"lazy\" width=\"626\" height=\"626\" src=\"https:\/\/isfd82-bue.infd.edu.ar\/sitio\/wp-content\/uploads\/2024\/10\/EDUAMBIENTAL.jpg\" alt=\"\" class=\"wp-image-3012 size-full\" srcset=\"https:\/\/isfd82-bue.infd.edu.ar\/sitio\/wp-content\/uploads\/2024\/10\/EDUAMBIENTAL.jpg 626w, https:\/\/isfd82-bue.infd.edu.ar\/sitio\/wp-content\/uploads\/2024\/10\/EDUAMBIENTAL-500x500.jpg 500w\" sizes=\"(max-width: 626px) 100vw, 626px\" \/><\/figure><div class=\"wp-block-media-text__content\">\n<h2 class=\"wp-block-heading has-text-align-center has-x-large-font-size\" id=\"01\"><em><strong><mark style=\"background-color:rgba(0, 0, 0, 0)\" class=\"has-inline-color has-contrast-color\">QUE ES LA E.A.I?<\/mark><\/strong><\/em><\/h2>\n<\/div><\/div>\n\n\n\n<p style=\"font-size:22px\">La <strong>Ley de Educaci\u00f3n Ambiental Integral<\/strong>, sancionada como Ley <strong>27.621<\/strong> en mayo de 2021, establece la creaci\u00f3n del derecho a recibir educaci\u00f3n ambiental en todo el pa\u00eds. El objetivo es promover entre otros aspectos, una <strong>conciencia ambiental<\/strong> desde una perspectiva integral, contribuyendo al desarrollo sostenible y el respeto y cuidado por el medio ambiente.<\/p>\n\n\n\n<br>\n<br>\n<br>\n<br>\n<br>\n\n\n\n<div class=\"wp-block-media-text alignfull is-stacked-on-mobile is-vertically-aligned-center has-background has-medium-font-size\" style=\"background:linear-gradient(50deg,rgb(202,248,128) 48%,rgb(113,206,126) 100%);grid-template-columns:15% auto\"><figure class=\"wp-block-media-text__media\"><img decoding=\"async\" loading=\"lazy\" width=\"190\" height=\"189\" src=\"https:\/\/isfd82-bue.infd.edu.ar\/sitio\/wp-content\/uploads\/2024\/10\/desktop_36d6b2b4-1a68-4c13-abb4-d5e05f5966d8.gif\" alt=\"\" class=\"wp-image-3013 size-full\"\/><\/figure><div class=\"wp-block-media-text__content\">\n<h2 class=\"wp-block-heading has-text-align-center has-x-large-font-size\" id=\"02\"><em><strong><mark style=\"background-color:rgba(0, 0, 0, 0)\" class=\"has-inline-color has-contrast-color\"><em><strong>AQU\u00cd PODRAS ENCONTRAR ALGUNOS DE SUS EJES<\/strong><\/em> <strong><em>M\u00c1S IMPORTANTES&#8230;..<\/em><\/strong><\/mark><\/strong><\/em><\/h2>\n<\/div><\/div>\n\n\n\n<p class=\"has-medium-font-size\"><mark style=\"background-color:rgba(0, 0, 0, 0);color:#00a80d\" class=\"has-inline-color\"><em><strong>Educaci\u00f3n Ambiental Integral<\/strong>:<\/em><\/mark> Se define como un proceso educativo permanente que forma personas con conciencia ambiental, desde un enfoque de derechos humanos y justicia social, promoviendo la participaci\u00f3n activa en la preservaci\u00f3n y mejora del ambiente.<\/p>\n\n\n\n<p class=\"has-medium-font-size\"><em><strong><mark style=\"background-color:rgba(0, 0, 0, 0);color:#00a80d\" class=\"has-inline-color\">Enfoque transversal y federal<\/mark><\/strong>:<\/em> La ley establece que la educaci\u00f3n ambiental debe ser parte de todos los niveles y modalidades del sistema educativo (inicial, primario, secundario y superior) y se implementar\u00e1 en coordinaci\u00f3n con las provincias, respetando las particularidades regionales.<\/p>\n\n\n\n<p class=\"has-medium-font-size\"><mark style=\"background-color:rgba(0, 0, 0, 0);color:#00a80d\" class=\"has-inline-color\"><em><strong>Plan Nacional de Educaci\u00f3n Ambiental Integral<\/strong>:<\/em><\/mark> Se crea este plan, coordinado por el Ministerio de Ambiente y Desarrollo Sostenible y el Ministerio de Educaci\u00f3n, para definir los lineamientos y estrategias que aseguren la implementaci\u00f3n efectiva de la educaci\u00f3n ambiental en todo el territorio.<\/p>\n\n\n\n<p class=\"has-medium-font-size\"><mark style=\"background-color:rgba(0, 0, 0, 0);color:#00a80d\" class=\"has-inline-color\"><em><strong>Participaci\u00f3n comunitaria<\/strong>:<\/em><\/mark> La ley promueve la participaci\u00f3n activa de la sociedad civil, organizaciones no gubernamentales y comunidades locales en los procesos educativos y en la formulaci\u00f3n de pol\u00edticas ambientales.<\/p>\n\n\n\n<p class=\"has-medium-font-size\"><mark style=\"background-color:rgba(0, 0, 0, 0);color:#00a80d\" class=\"has-inline-color\"><em><strong>Formaci\u00f3n docente<\/strong>:<\/em><\/mark> Se establece la capacitaci\u00f3n y formaci\u00f3n continua de los docentes para que cuenten con las herramientas necesarias para impartir una educaci\u00f3n ambiental efectiva.<\/p>\n\n\n\n<p class=\"has-medium-font-size\"><mark style=\"background-color:rgba(0, 0, 0, 0);color:#00a80d\" class=\"has-inline-color\"><em><strong>Principios rectores<\/strong>:<\/em><\/mark> Entre los valores que gu\u00edan la ley est\u00e1n la <strong>sustentabilidad<\/strong>, la <strong>solidaridad<\/strong> intergeneracional, el <strong>respeto por la diversidad biol\u00f3gica y cultural<\/strong>, la <strong>justicia ambiental<\/strong> y la <strong>responsabilidad<\/strong> social.<\/p>\n\n\n\n<p class=\"has-medium-font-size\"><mark style=\"background-color:rgba(0, 0, 0, 0);color:#00a80d\" class=\"has-inline-color\"><em><strong>Evaluaci\u00f3n y seguimiento<\/strong>:<\/em><\/mark> Se prev\u00e9n mecanismos de monitoreo y evaluaci\u00f3n de la implementaci\u00f3n de la educaci\u00f3n ambiental para asegurar su cumplimiento y eficacia.<\/p>\n\n\n\n<br>\n<br>\n<br>\n<br>\n\n\n\n<div class=\"wp-block-media-text alignfull is-stacked-on-mobile is-vertically-aligned-center has-background\" style=\"background:linear-gradient(55deg,rgb(202,248,128) 63%,rgb(113,206,126) 100%);grid-template-columns:15% auto\"><figure class=\"wp-block-media-text__media\"><img decoding=\"async\" loading=\"lazy\" width=\"623\" height=\"616\" src=\"https:\/\/isfd82-bue.infd.edu.ar\/sitio\/wp-content\/uploads\/2024\/10\/ImagenDescarga.jpg\" alt=\"\" class=\"wp-image-3017 size-full\"\/><\/figure><div class=\"wp-block-media-text__content\">\n<h2 class=\"wp-block-heading has-text-align-center has-x-large-font-size\" id=\"03\"><em><strong><strong><em><em><strong><mark style=\"background-color:rgba(0, 0, 0, 0)\" class=\"has-inline-color has-contrast-color\">MATERIALES Y P\u00c1GINAS WEB QUE PODES OJEAR SOBRE LA EDUCACI\u00d3N AMBIENTAL INTEGRAL<\/mark><\/strong><\/em><\/em><\/strong><\/strong><\/em><\/h2>\n<\/div><\/div>\n\n\n\n<br>\n\n\n\n<div class=\"wp-block-cover aligncenter is-light\" style=\"min-height:596px\"><span aria-hidden=\"true\" class=\"wp-block-cover__background has-background-dim-0 has-background-dim\"><\/span><img decoding=\"async\" loading=\"lazy\" width=\"624\" height=\"375\" class=\"wp-block-cover__image-background wp-image-3020\" alt=\"\" src=\"https:\/\/isfd82-bue.infd.edu.ar\/sitio\/wp-content\/uploads\/2024\/10\/FondoDescarga-1.jpg\" data-object-fit=\"cover\"\/><div class=\"wp-block-cover__inner-container\">\n<div class=\"wp-block-group alignwide is-content-justification-center is-nowrap is-layout-flex wp-container-2\">\n<div class=\"wp-block-buttons is-vertical is-content-justification-center is-layout-flex wp-container-1\">\n<div class=\"wp-block-button has-custom-font-size is-style-outline has-medium-font-size\"><a class=\"wp-block-button__link has-contrast-color has-text-color has-background wp-element-button\" href=\"https:\/\/drive.google.com\/file\/d\/1L1rbrWISCVrkhuWACMu8GM9mLxKyGYT9\/view?usp=drive_link\" style=\"border-radius:0px;background:linear-gradient(135deg,rgb(122,220,180) 100%,rgb(0,208,130) 100%)\" target=\"_blank\" rel=\"noreferrer noopener\"><strong><mark style=\"background-color:rgba(0, 0, 0, 0)\" class=\"has-inline-color has-contrast-color\">Docu de Apoyo de Implementaci\u00f3n de la E.A.I. Junio 2023<\/mark><\/strong><\/a><\/div>\n\n\n\n<div class=\"wp-block-button has-custom-font-size is-style-outline has-medium-font-size\"><a class=\"wp-block-button__link has-contrast-color has-text-color has-background wp-element-button\" href=\"https:\/\/drive.google.com\/file\/d\/1S8g6fg2_hGgQcr_88_uz7_m278xguvel\/view?usp=drive_link\" style=\"border-radius:0px;background:linear-gradient(135deg,rgb(122,220,180) 100%,rgb(0,208,130) 100%)\" target=\"_blank\" rel=\"noreferrer noopener\"><strong><strong><mark style=\"background-color:rgba(0, 0, 0, 0)\" class=\"has-inline-color has-contrast-color\">Cuadernillo SOMOS AMBIENTE E.A.I. INFoD<\/mark><\/strong><\/strong><\/a><\/div>\n\n\n\n<div class=\"wp-block-button has-custom-font-size is-style-outline has-medium-font-size\"><a class=\"wp-block-button__link has-contrast-color has-text-color has-background wp-element-button\" href=\"https:\/\/continuemosestudiando.abc.gob.ar\/tag\/educacion-ambiental-integral\/\" style=\"border-radius:0px;background:linear-gradient(135deg,rgb(122,220,180) 100%,rgb(0,208,130) 100%)\" target=\"_blank\" rel=\"noreferrer noopener\"><strong><mark style=\"background-color:rgba(0, 0, 0, 0)\" class=\"has-inline-color has-contrast-color\">Portal CONTINUEMOS ESTUDIANDO (E.A.I.)<\/mark><\/strong><\/a><\/div>\n\n\n\n<div class=\"wp-block-button has-custom-font-size is-style-outline has-medium-font-size\"><a class=\"wp-block-button__link has-text-color has-background wp-element-button\" href=\"https:\/\/www.argentina.gob.ar\/normativa\/nacional\/ley-27621-350594\/texto\" style=\"border-radius:0px;color:#044883;background:linear-gradient(135deg,rgb(122,220,180) 100%,rgb(0,208,130) 100%)\" target=\"_blank\" rel=\"noreferrer noopener\"><strong><mark style=\"background-color:rgba(0, 0, 0, 0)\" class=\"has-inline-color has-contrast-color\">Ley 27621 <em>(Implementaci\u00f3n de la E.A.I.)<\/em><\/mark><\/strong><\/a><\/div>\n\n\n\n<div class=\"wp-block-button has-custom-font-size is-style-outline has-medium-font-size\"><a class=\"wp-block-button__link has-contrast-color has-text-color has-background wp-element-button\" href=\"https:\/\/www.argentina.gob.ar\/normativa\/nacional\/ley-27621-350594\/texto\" style=\"border-radius:0px;background:linear-gradient(170deg,rgb(122,220,180) 100%,rgb(0,208,130) 100%)\" target=\"_blank\" rel=\"noreferrer noopener\"><strong><mark style=\"background-color:rgba(0, 0, 0, 0)\" class=\"has-inline-color has-contrast-color\">Circular E.A.I. Una Mirada desde el Paisaje y la Ciudadan\u00eda<\/mark><\/strong><\/a><\/div>\n<\/div>\n<\/div>\n<\/div><\/div>\n\n\n\n<br>\n<br>\n<br>\n\n\n\n<p class=\"has-text-align-center\" id=\"04\" style=\"font-size:30px\"><em><strong><mark style=\"background-color:rgba(0, 0, 0, 0);color:#00a80d\" class=\"has-inline-color\"> <\/mark><\/strong><\/em><\/p>\n\n\n\n<div class=\"wp-block-media-text alignfull is-stacked-on-mobile is-vertically-aligned-center has-background\" style=\"background:linear-gradient(52deg,rgb(202,248,128) 77%,rgb(113,206,126) 100%);grid-template-columns:15% auto\"><figure class=\"wp-block-media-text__media\"><img decoding=\"async\" loading=\"lazy\" width=\"1200\" height=\"675\" src=\"https:\/\/isfd82-bue.infd.edu.ar\/sitio\/wp-content\/uploads\/2024\/10\/ImagenVideos.jpg\" alt=\"\" class=\"wp-image-3024 size-full\" srcset=\"https:\/\/isfd82-bue.infd.edu.ar\/sitio\/wp-content\/uploads\/2024\/10\/ImagenVideos.jpg 1200w, https:\/\/isfd82-bue.infd.edu.ar\/sitio\/wp-content\/uploads\/2024\/10\/ImagenVideos-1000x563.jpg 1000w, https:\/\/isfd82-bue.infd.edu.ar\/sitio\/wp-content\/uploads\/2024\/10\/ImagenVideos-768x432.jpg 768w\" sizes=\"(max-width: 1200px) 100vw, 1200px\" \/><\/figure><div class=\"wp-block-media-text__content\">\n<h2 class=\"wp-block-heading has-text-align-center\" id=\"04\"><em><strong><mark style=\"background-color:rgba(0, 0, 0, 0)\" class=\"has-inline-color has-contrast-color\">ESTOS VIDEOS SOBRE LA E.A.I. PODRIAN INTERESARTE&#8230;<\/mark><\/strong><\/em><\/h2>\n<\/div><\/div>\n\n\n\n<br>\n\n\n\n<h2 class=\"wp-block-heading\"><em><strong><mark style=\"background-color:rgba(0, 0, 0, 0);color:#00a80d\" class=\"has-inline-color\">P\u00c9RDIDA DE BIODIVERSIDAD: \u00bfComo Podemos Revertirla?<\/mark><\/strong><\/em><\/h2>\n\n\n\n<figure class=\"wp-block-embed is-type-video is-provider-youtube wp-block-embed-youtube wp-embed-aspect-16-9 wp-has-aspect-ratio\"><div class=\"wp-block-embed__wrapper\">\n<iframe loading=\"lazy\" title=\"P\u00c9RDIDA DE BIODIVERSIDAD: \u00bfC\u00d3MO PODEMOS REVERTIRLA?\" width=\"1200\" height=\"675\" src=\"https:\/\/www.youtube.com\/embed\/7ZabN3mHNF4?feature=oembed\" frameborder=\"0\" allow=\"accelerometer; autoplay; clipboard-write; encrypted-media; gyroscope; picture-in-picture; web-share\" referrerpolicy=\"strict-origin-when-cross-origin\" allowfullscreen><\/iframe>\n<\/div><\/figure>\n\n\n\n<hr class=\"wp-block-separator has-alpha-channel-opacity\"\/>\n\n\n\n<br>\n<br>\n\n\n\n<h2 class=\"wp-block-heading\"><em><strong><mark style=\"background-color:rgba(0, 0, 0, 0);color:#00a80d\" class=\"has-inline-color\"> ACUERDO DE ESCAZ\u00da<\/mark><\/strong><\/em><\/h2>\n\n\n\n<figure class=\"wp-block-embed is-type-video is-provider-youtube wp-block-embed-youtube wp-embed-aspect-16-9 wp-has-aspect-ratio\"><div class=\"wp-block-embed__wrapper\">\n<iframe loading=\"lazy\" title=\"Acuerdo de Escaz\u00fa\" width=\"1200\" height=\"675\" src=\"https:\/\/www.youtube.com\/embed\/Apjb1mWcUqg?feature=oembed\" frameborder=\"0\" allow=\"accelerometer; autoplay; clipboard-write; encrypted-media; gyroscope; picture-in-picture; web-share\" referrerpolicy=\"strict-origin-when-cross-origin\" allowfullscreen><\/iframe>\n<\/div><\/figure>\n\n\n\n<hr class=\"wp-block-separator has-alpha-channel-opacity\"\/>\n\n\n\n<br>\n<br>\n\n\n\n<div class=\"wp-block-media-text alignfull is-stacked-on-mobile is-vertically-aligned-center has-background\" style=\"background:linear-gradient(83deg,rgb(202,248,128) 80%,rgb(113,206,126) 100%);grid-template-columns:15% auto\"><figure class=\"wp-block-media-text__media\"><img decoding=\"async\" loading=\"lazy\" width=\"224\" height=\"226\" src=\"https:\/\/isfd82-bue.infd.edu.ar\/sitio\/wp-content\/uploads\/2024\/10\/LogoISFD82-1.jpg\" alt=\"\" class=\"wp-image-3027 size-full\"\/><\/figure><div class=\"wp-block-media-text__content\">\n<h2 class=\"wp-block-heading has-text-align-center\" id=\"05\"><strong><em><mark style=\"background-color:rgba(0, 0, 0, 0)\" class=\"has-inline-color has-contrast-color\">EL ISFD N\u00b082 \u00abCarlos Fuentealba\u00bb COMO ESPACIO VERDE<\/mark><\/em><\/strong>&#8230;<\/h2>\n<\/div><\/div>\n\n\n\n<br>\n\n\n\n<p class=\"has-medium-font-size\"><em>Como espacio verde la instituci\u00f3n esta llevando adelante varias iniciativas para la concientizacion sobre la importancia del medio ambiente y el cuidado responsable del medio ambiente.<\/em><\/p>\n\n\n\n<p class=\"has-medium-font-size\"><em>Algunas de estas propuestas son:<\/em><\/p>\n\n\n\n<p class=\"has-medium-font-size\"><em>La creaci\u00f3n de una huerta en el terreno de la instituci\u00f3n<\/em><\/p>\n\n\n\n<div class=\"wp-block-cover is-light\" style=\"min-height:378px\"><span aria-hidden=\"true\" class=\"wp-block-cover__background has-background-dim-0 has-background-dim\"><\/span><img decoding=\"async\" loading=\"lazy\" width=\"624\" height=\"375\" class=\"wp-block-cover__image-background wp-image-3055\" alt=\"\" src=\"https:\/\/isfd82-bue.infd.edu.ar\/sitio\/wp-content\/uploads\/2024\/10\/FondoDescarga-4.jpg\" data-object-fit=\"cover\"\/><div class=\"wp-block-cover__inner-container\">\n<div class=\"alignnormal\"><div id=\"metaslider-id-3044\" style=\"max-width: 300px; margin: 0 auto;\" class=\"ml-slider-3-33-0 metaslider metaslider-coin metaslider-3044 ml-slider ms-theme-default\" role=\"region\" aria-roledescription=\"Slideshow\" aria-label=\"Slideshow\">\n    <div id=\"metaslider_container_3044\">\n        <div id='metaslider_3044' class='coin-slider'>\n<a href=\"javascript:void(0)\" target=\"_self\"><img src=\"https:\/\/isfd82-bue.infd.edu.ar\/sitio\/wp-content\/uploads\/2024\/10\/WhatsApp-Image-2024-10-04-at-15.09.26-300x300.jpeg\" height=\"300\" width=\"300\" alt=\"\" class=\"slider-3044 slide-3052\" title=\"WhatsApp Image 2024-10-04 at 15.09.26\" style=\"display: none;\" \/><\/a>\n<a href=\"javascript:void(0)\" target=\"_self\"><img src=\"https:\/\/isfd82-bue.infd.edu.ar\/sitio\/wp-content\/uploads\/2024\/10\/WhatsApp-Image-2024-10-04-at-15.08.20-300x300.jpeg\" height=\"300\" width=\"300\" alt=\"\" class=\"slider-3044 slide-3049\" title=\"WhatsApp Image 2024-10-04 at 15.08.20\" style=\"display: none;\" \/><\/a>\n<a href=\"javascript:void(0)\" target=\"_self\"><img src=\"https:\/\/isfd82-bue.infd.edu.ar\/sitio\/wp-content\/uploads\/2024\/10\/WhatsApp-Image-2024-10-04-at-15.08.51-300x300.jpeg\" height=\"300\" width=\"300\" alt=\"\" class=\"slider-3044 slide-3050\" title=\"WhatsApp Image 2024-10-04 at 15.08.51\" style=\"display: none;\" \/><\/a>\n<a href=\"javascript:void(0)\" target=\"_self\"><img src=\"https:\/\/isfd82-bue.infd.edu.ar\/sitio\/wp-content\/uploads\/2024\/10\/WhatsApp-Image-2024-10-04-at-15.09.17-300x300.jpeg\" height=\"300\" width=\"300\" alt=\"\" class=\"slider-3044 slide-3051\" title=\"WhatsApp Image 2024-10-04 at 15.09.17\" style=\"display: none;\" \/><\/a>\n        <\/div>\n        \n    <\/div>\n<\/div><\/div>\n<\/div><\/div>\n\n\n\n<br>\n<br>\n\n\n\n<p class=\"has-medium-font-size\"><em>Otros de nuestros proyectos es la creaci\u00f3n de un padlet de foto-denuncias sobre los basurales a cielo abierto que hay en el partido de la matanza, en los cuales no solo se podran ver la imagenes, sino su posici\u00f3n precisa en un mapa.<\/em><\/p>\n\n\n\n<p class=\"has-medium-font-size\"><em>Aqu\u00ed te dejamos el c\u00f3digo <strong>QR<\/strong> para que puedas ojear el padlet y si queres hacer tu propia foto-denuncia&#8230;<\/em><\/p>\n\n\n\n<br>\n<br>\n\n\n\n<div class=\"wp-block-media-text alignwide is-stacked-on-mobile\" style=\"grid-template-columns:21% auto\"><figure class=\"wp-block-media-text__media\"><img decoding=\"async\" loading=\"lazy\" width=\"1900\" height=\"1869\" src=\"https:\/\/isfd82-bue.infd.edu.ar\/sitio\/wp-content\/uploads\/2024\/10\/QR-1900x1869.jpg\" alt=\"\" class=\"wp-image-3056 size-full\" srcset=\"https:\/\/isfd82-bue.infd.edu.ar\/sitio\/wp-content\/uploads\/2024\/10\/QR-1900x1869.jpg 1900w, https:\/\/isfd82-bue.infd.edu.ar\/sitio\/wp-content\/uploads\/2024\/10\/QR-1000x984.jpg 1000w, https:\/\/isfd82-bue.infd.edu.ar\/sitio\/wp-content\/uploads\/2024\/10\/QR-768x756.jpg 768w, https:\/\/isfd82-bue.infd.edu.ar\/sitio\/wp-content\/uploads\/2024\/10\/QR-1536x1511.jpg 1536w, https:\/\/isfd82-bue.infd.edu.ar\/sitio\/wp-content\/uploads\/2024\/10\/QR-2048x2015.jpg 2048w\" sizes=\"(max-width: 1900px) 100vw, 1900px\" \/><\/figure><div class=\"wp-block-media-text__content\">\n<p>Fotograf\u00eda algun basural que tengas cerca de tu domicilio , indica la direcci\u00f3n y una breve historia del mismo.<\/p>\n\n\n\n<p>En caso de que el c\u00f3digo QR te resulte incomodo, aqu\u00ed tambien te dejamos el enlace para que puedas entrar m\u00e1s facilmente.<\/p>\n\n\n\n<p><strong><em><a href=\"https:\/\/padlet.com\/mfagnani9_\/ambientalismo-isfd-n-82-w193bsidiz4tcah\" target=\"_blank\" rel=\"noreferrer noopener\">HAS TU FOTO-DENUNCIA AQU\u00cd<\/a><\/em><\/strong><\/p>\n<\/div><\/div>\n\n\n\n<hr class=\"wp-block-separator has-alpha-channel-opacity\"\/>\n\n\n\n<br>\n<br>\n\n\n\n<div class=\"wp-block-cover is-light has-parallax\" style=\"min-height:309px\"><span aria-hidden=\"true\" class=\"wp-block-cover__background has-background-dim-0 has-background-dim\"><\/span><div role=\"img\" class=\"wp-block-cover__image-background wp-image-3055 has-parallax\" style=\"background-position:50% 50%;background-image:url(https:\/\/isfd82-bue.infd.edu.ar\/sitio\/wp-content\/uploads\/2024\/10\/FondoDescarga-4.jpg)\"><\/div><div class=\"wp-block-cover__inner-container\">\n<div class=\"wp-block-group is-layout-constrained\"><div class=\"wp-block-group__inner-container\">\n<p><strong>Finalmente les dejamos esta peque\u00f1a cita para su consideraci\u00f3n:<\/strong><\/p>\n\n\n\n<p><strong><em>\u00abMuy recientemente nos hemos enterado de que la naturaleza se cansa, como nosotros, sus hijos; y hemos sabido que, como nosotros, puede morir asesinada. La civilizaci\u00f3n que confunde los relojes con el tiempo, el crecimiento con el desarrollo y lo grandote con la grandeza, tambi\u00e9m confunde la naturaleza con el paisaje, mientras el mundo, laberinto sin centro, se dedica a romper su propio cielo.\u00bb<\/em><\/strong><\/p>\n\n\n\n<p><em><strong>Eduardo Galeano<\/strong><\/em><\/p>\n<\/div><\/div>\n<\/div><\/div>\n\n\n\n<br>\n<br>\n<br>\n","protected":false},"excerpt":{"rendered":"<p>QUE ES LA E.A.I? La Ley de Educaci\u00f3n Ambiental Integral, sancionada como Ley 27.621 en mayo de 2021, establece la creaci\u00f3n del derecho a recibir educaci\u00f3n ambiental en todo el pa\u00eds. El objetivo es promover entre otros aspectos, una conciencia ambiental desde una perspectiva integral, contribuyendo al desarrollo sostenible y el respeto y cuidado por &#8230; <a title=\"E.A.I. (Educaci\u00f3n Ambiental Integral)\" class=\"read-more\" href=\"https:\/\/isfd82-bue.infd.edu.ar\/sitio\/e-a-i-educacion-ambiental-integral\/\" aria-label=\"More on E.A.I. (Educaci\u00f3n Ambiental Integral)\">[+]<\/a><\/p>\n","protected":false},"author":1500,"featured_media":0,"parent":0,"menu_order":0,"comment_status":"closed","ping_status":"closed","template":"","meta":[],"acf":[],"_links":{"self":[{"href":"https:\/\/isfd82-bue.infd.edu.ar\/sitio\/wp-json\/wp\/v2\/pages\/3009"}],"collection":[{"href":"https:\/\/isfd82-bue.infd.edu.ar\/sitio\/wp-json\/wp\/v2\/pages"}],"about":[{"href":"https:\/\/isfd82-bue.infd.edu.ar\/sitio\/wp-json\/wp\/v2\/types\/page"}],"author":[{"embeddable":true,"href":"https:\/\/isfd82-bue.infd.edu.ar\/sitio\/wp-json\/wp\/v2\/users\/1500"}],"replies":[{"embeddable":true,"href":"https:\/\/isfd82-bue.infd.edu.ar\/sitio\/wp-json\/wp\/v2\/comments?post=3009"}],"version-history":[{"count":37,"href":"https:\/\/isfd82-bue.infd.edu.ar\/sitio\/wp-json\/wp\/v2\/pages\/3009\/revisions"}],"predecessor-version":[{"id":3098,"href":"https:\/\/isfd82-bue.infd.edu.ar\/sitio\/wp-json\/wp\/v2\/pages\/3009\/revisions\/3098"}],"wp:attachment":[{"href":"https:\/\/isfd82-bue.infd.edu.ar\/sitio\/wp-json\/wp\/v2\/media?parent=3009"}],"curies":[{"name":"wp","href":"https:\/\/api.w.org\/{rel}","templated":true}]}}