{"id":840,"date":"2018-08-29T16:47:28","date_gmt":"2018-08-29T19:47:28","guid":{"rendered":"https:\/\/isfd82-bue.infd.edu.ar\/sitio\/concursos\/"},"modified":"2023-10-31T14:08:51","modified_gmt":"2023-10-31T17:08:51","slug":"concursos","status":"publish","type":"page","link":"https:\/\/isfd82-bue.infd.edu.ar\/sitio\/concursos\/","title":{"rendered":"Concursos"},"content":{"rendered":"<h1><img decoding=\"async\" loading=\"lazy\" class=\"size-full wp-image-2713 aligncenter\" src=\"https:\/\/isfd82-bue.infd.edu.ar\/sitio\/wp-content\/uploads\/2023\/10\/4.png\" alt=\"\" width=\"485\" height=\"143\" \/><\/h1>\n<h1 style=\"text-align: center;\"><strong><span style=\"font-family: 'book antiqua', palatino; font-size: 14pt; color: #33cccc;\">Informaci\u00f3n sobre concursos de la instituci\u00f3n<\/span><\/strong><\/h1>\n<p style=\"text-align: justify;\"><span style=\"font-family: 'book antiqua', palatino; font-size: 14pt;\">Recuerden que se debe presentar la declaraci\u00f3n jurada de t\u00edtulos y antecedentes que obra como <em><strong>Anexo III<\/strong><\/em> <a href=\"https:\/\/isfd82-bue.infd.edu.ar\/sitio\/wp-content\/uploads\/2023\/10\/ANEXO-III_Res5886-03.pdf\">(ANEXO-III_Res5886-03) <\/a>de la Resoluci\u00f3n 5886\/03, con la documentaci\u00f3n respaldatoria debidamente foliada y encarpetada.<\/span><\/p>\n<p style=\"text-align: justify;\"><span style=\"font-family: 'book antiqua', palatino; font-size: 14pt;\">Constituir domicilio, n\u00famero de tel\u00e9fono de l\u00ednea y de celular, y correo electr\u00f3nico a los efectos de las notificaciones fehacientes que fuera necesario realizar durante el proceso de selecci\u00f3n.<\/span><\/p>\n<p style=\"text-align: justify;\"><span style=\"font-family: 'book antiqua', palatino; font-size: 14pt;\">La propuesta pedag\u00f3gica correspondiente, seg\u00fan <a href=\"https:\/\/isfd82-bue.infd.edu.ar\/sitio\/wp-content\/uploads\/2023\/10\/Disp-30-05-Presentacion-Proyectos-de-Catedra.pdf\">Disp 30-05 &#8211; Presentaci\u00f3n Proyectos de C\u00e1tedra, <\/a>deber\u00e1 presentarse en sobre cerrado, ordenada de acuerdo a los \u00edtems a evaluar, con la solicitud de inscripci\u00f3n completa de la Resoluci\u00f3n N\u00b0 5886\/03 en el frente del sobre.<\/span><\/p>\n<p style=\"text-align: justify;\"><span style=\"font-family: 'book antiqua', palatino; font-size: 14pt;\">Remitase a las Resoluciones y Disposiciones vigentes para la elaboraci\u00f3n de las propuestas pedag\u00f3gicas. Y los enfoques y orientaciones did\u00e1cticas de los Dise\u00f1os Curriculares al que se dirige la propuesta y el Reglamento General de las Instituciones Educativas de la provincia de Buenos Aires.\u00a0<\/span><\/p>\n<p style=\"text-align: justify;\"><span style=\"font-family: 'book antiqua', palatino; font-size: 14pt;\">Quedar\u00e1n fuera del concurso los proyectos que no se ajusten a lo normado en las resoluciones antes mencionadas.<\/span><\/p>\n<p style=\"text-align: center;\"><strong><span style=\"font-family: 'book antiqua', palatino; font-size: 14pt;\">Muchas gracias<br \/>\nISFD N\u00ba 82 \u00abCarlos Fuentealba\u00bb<\/span><\/strong><\/p>\n","protected":false},"excerpt":{"rendered":"<p>Informaci\u00f3n sobre concursos de la instituci\u00f3n Recuerden que se debe presentar la declaraci\u00f3n jurada de t\u00edtulos y antecedentes que obra como Anexo III (ANEXO-III_Res5886-03) de la Resoluci\u00f3n 5886\/03, con la documentaci\u00f3n respaldatoria debidamente foliada y encarpetada. Constituir domicilio, n\u00famero de tel\u00e9fono de l\u00ednea y de celular, y correo electr\u00f3nico a los efectos de las notificaciones &#8230; <a title=\"Concursos\" class=\"read-more\" href=\"https:\/\/isfd82-bue.infd.edu.ar\/sitio\/concursos\/\" aria-label=\"More on Concursos\">[+]<\/a><\/p>\n","protected":false},"author":595,"featured_media":0,"parent":0,"menu_order":0,"comment_status":"closed","ping_status":"closed","template":"","meta":[],"acf":[],"_links":{"self":[{"href":"https:\/\/isfd82-bue.infd.edu.ar\/sitio\/wp-json\/wp\/v2\/pages\/840"}],"collection":[{"href":"https:\/\/isfd82-bue.infd.edu.ar\/sitio\/wp-json\/wp\/v2\/pages"}],"about":[{"href":"https:\/\/isfd82-bue.infd.edu.ar\/sitio\/wp-json\/wp\/v2\/types\/page"}],"author":[{"embeddable":true,"href":"https:\/\/isfd82-bue.infd.edu.ar\/sitio\/wp-json\/wp\/v2\/users\/595"}],"replies":[{"embeddable":true,"href":"https:\/\/isfd82-bue.infd.edu.ar\/sitio\/wp-json\/wp\/v2\/comments?post=840"}],"version-history":[{"count":1,"href":"https:\/\/isfd82-bue.infd.edu.ar\/sitio\/wp-json\/wp\/v2\/pages\/840\/revisions"}],"predecessor-version":[{"id":2725,"href":"https:\/\/isfd82-bue.infd.edu.ar\/sitio\/wp-json\/wp\/v2\/pages\/840\/revisions\/2725"}],"wp:attachment":[{"href":"https:\/\/isfd82-bue.infd.edu.ar\/sitio\/wp-json\/wp\/v2\/media?parent=840"}],"curies":[{"name":"wp","href":"https:\/\/api.w.org\/{rel}","templated":true}]}}